{"id":123,"date":"2025-12-08T09:54:15","date_gmt":"2025-12-08T09:54:15","guid":{"rendered":"https:\/\/www.fotobite.nl\/?page_id=123"},"modified":"2025-12-08T13:05:46","modified_gmt":"2025-12-08T13:05:46","slug":"aa-en-hunze","status":"publish","type":"page","link":"https:\/\/www.fotobite.nl\/?page_id=123","title":{"rendered":"Aa en Hunze"},"content":{"rendered":"\n<div class=\"wp-block-group alignfull has-global-padding is-layout-constrained wp-container-core-group-is-layout-490fa1db wp-block-group-is-layout-constrained\" style=\"padding-top:var(--wp--preset--spacing--50);padding-right:var(--wp--preset--spacing--50);padding-bottom:var(--wp--preset--spacing--50);padding-left:var(--wp--preset--spacing--50)\">\n<div class=\"wp-block-group has-global-padding is-layout-constrained wp-container-core-group-is-layout-650790e1 wp-block-group-is-layout-constrained\">\n<h1 class=\"wp-block-heading has-text-align-center has-x-large-font-size\">Toewijding aan innovatie en duurzaamheid<\/h1>\n\n\n\n<div style=\"height:1.25rem\" aria-hidden=\"true\" class=\"wp-block-spacer\"><\/div>\n\n\n\n<p class=\"has-text-align-center\">\u00c9tudes is een baanbrekend bureau dat creativiteit en functionaliteit naadloos laat samensmelten om architectonische uitmuntendheid te herdefini\u00ebren.<\/p>\n\n\n\n<div style=\"height:1.25rem\" aria-hidden=\"true\" class=\"wp-block-spacer\"><\/div>\n\n\n\n<div class=\"wp-block-buttons is-content-justification-center is-layout-flex wp-container-core-buttons-is-layout-a89b3969 wp-block-buttons-is-layout-flex\">\n<div class=\"wp-block-button\"><a class=\"wp-block-button__link wp-element-button\" href=\"https:\/\/www.fotobite.nl\/Aaenhunze.html\" target=\"_blank\" rel=\"noreferrer noopener\">360 graden tour<\/a><\/div>\n<\/div>\n<\/div>\n\n\n\n<div style=\"height:var(--wp--preset--spacing--30)\" aria-hidden=\"true\" class=\"wp-block-spacer\"><\/div>\n\n\n\n<figure class=\"wp-block-image alignwide size-full is-style-rounded is-style-rounded--1\"><img loading=\"lazy\" decoding=\"async\" width=\"2560\" height=\"1280\" src=\"https:\/\/www.fotobite.nl\/wp-content\/uploads\/2025\/02\/anloosdiepje-2-scaled.jpg\" alt=\"\" class=\"wp-image-51\" srcset=\"https:\/\/www.fotobite.nl\/wp-content\/uploads\/2025\/02\/anloosdiepje-2-scaled.jpg 2560w, https:\/\/www.fotobite.nl\/wp-content\/uploads\/2025\/02\/anloosdiepje-2-300x150.jpg 300w, https:\/\/www.fotobite.nl\/wp-content\/uploads\/2025\/02\/anloosdiepje-2-1024x512.jpg 1024w, https:\/\/www.fotobite.nl\/wp-content\/uploads\/2025\/02\/anloosdiepje-2-768x384.jpg 768w, https:\/\/www.fotobite.nl\/wp-content\/uploads\/2025\/02\/anloosdiepje-2-1536x768.jpg 1536w, https:\/\/www.fotobite.nl\/wp-content\/uploads\/2025\/02\/anloosdiepje-2-2048x1024.jpg 2048w\" sizes=\"auto, (max-width: 2560px) 100vw, 2560px\" \/><\/figure>\n<\/div>\n\n\n\n<div class=\"wp-block-group alignfull has-base-2-background-color has-background has-global-padding is-layout-constrained wp-container-core-group-is-layout-669513ed wp-block-group-is-layout-constrained\" style=\"margin-top:0;margin-bottom:0;padding-top:var(--wp--preset--spacing--50);padding-right:var(--wp--preset--spacing--50);padding-bottom:var(--wp--preset--spacing--50);padding-left:var(--wp--preset--spacing--50)\">\n<div class=\"wp-block-group is-vertical is-content-justification-center is-layout-flex wp-container-core-group-is-layout-52b864f0 wp-block-group-is-layout-flex\">\n<h2 class=\"wp-block-heading has-text-align-center is-style-asterisk\">Een passie voor het cre\u00ebren van ruimtes<\/h2>\n\n\n\n<div style=\"height:0px\" aria-hidden=\"true\" class=\"wp-block-spacer wp-container-content-4f2ccadb\"><\/div>\n\n\n\n<p class=\"has-text-align-center\">Ons uitgebreide pakket van professionele diensten richt zich op een gevarieerde klantenkring, vari\u00ebrend van huiseigenaren tot commerci\u00eble ontwikkelaars.<\/p>\n<\/div>\n\n\n\n<div style=\"margin-top:0;margin-bottom:0;height:var(--wp--preset--spacing--40)\" aria-hidden=\"true\" class=\"wp-block-spacer\"><\/div>\n\n\n\n<div class=\"wp-block-columns alignwide is-layout-flex wp-container-core-columns-is-layout-d0bbbce0 wp-block-columns-is-layout-flex\">\n<div class=\"wp-block-column is-layout-flow wp-container-core-column-is-layout-e3d1c41b wp-block-column-is-layout-flow\">\n<h3 class=\"wp-block-heading has-text-align-left is-style-asterisk has-body-font-family has-medium-font-size\" style=\"font-style:normal;font-weight:600\">Renovatie en restauratie<\/h3>\n\n\n\n<p class=\"has-text-align-left\">Ervaar de fusie van verbeelding en expertise met \u00c9tudes Architectural Solutions.<\/p>\n<\/div>\n\n\n\n<div class=\"wp-block-column is-layout-flow wp-container-core-column-is-layout-e3d1c41b wp-block-column-is-layout-flow\">\n<h3 class=\"wp-block-heading has-text-align-left is-style-asterisk has-body-font-family has-medium-font-size\" style=\"font-style:normal;font-weight:600\">Ononderbroken ondersteuning<\/h3>\n\n\n\n<p class=\"has-text-align-left\">Ervaar de fusie van verbeelding en expertise met \u00c9tudes Architectural Solutions.<\/p>\n<\/div>\n\n\n\n<div class=\"wp-block-column is-layout-flow wp-container-core-column-is-layout-e3d1c41b wp-block-column-is-layout-flow\">\n<h3 class=\"wp-block-heading has-text-align-left is-style-asterisk has-body-font-family has-medium-font-size\" style=\"font-style:normal;font-weight:600\">App toegang<\/h3>\n\n\n\n<p class=\"has-text-align-left\">Ervaar de fusie van verbeelding en expertise met \u00c9tudes Architectural Solutions.<\/p>\n<\/div>\n<\/div>\n\n\n\n<div style=\"height:var(--wp--preset--spacing--20)\" aria-hidden=\"true\" class=\"wp-block-spacer\"><\/div>\n\n\n\n<div class=\"wp-block-columns alignwide is-layout-flex wp-container-core-columns-is-layout-d0bbbce0 wp-block-columns-is-layout-flex\">\n<div class=\"wp-block-column is-layout-flow wp-container-core-column-is-layout-e3d1c41b wp-block-column-is-layout-flow\">\n<h3 class=\"wp-block-heading has-text-align-left is-style-asterisk has-body-font-family has-medium-font-size\" style=\"font-style:normal;font-weight:600\">Advies<\/h3>\n\n\n\n<p class=\"has-text-align-left\">Ervaar de fusie van verbeelding en expertise met \u00c9tudes Architectural Solutions.<\/p>\n<\/div>\n\n\n\n<div class=\"wp-block-column is-layout-flow wp-container-core-column-is-layout-e3d1c41b wp-block-column-is-layout-flow\">\n<h3 class=\"wp-block-heading has-text-align-left is-style-asterisk has-body-font-family has-medium-font-size\" style=\"font-style:normal;font-weight:600\">Project beheer<\/h3>\n\n\n\n<p class=\"has-text-align-left\">Ervaar de fusie van verbeelding en expertise met \u00c9tudes Architectural Solutions.<\/p>\n<\/div>\n\n\n\n<div class=\"wp-block-column is-layout-flow wp-container-core-column-is-layout-e3d1c41b wp-block-column-is-layout-flow\">\n<h3 class=\"wp-block-heading has-text-align-left is-style-asterisk has-body-font-family has-medium-font-size\" style=\"font-style:normal;font-weight:600\">Architecturale oplossingen<\/h3>\n\n\n\n<p class=\"has-text-align-left\">Ervaar de fusie van verbeelding en expertise met \u00c9tudes Architectural Solutions.<\/p>\n<\/div>\n<\/div>\n<\/div>\n\n\n\n<div class=\"wp-block-group alignfull has-global-padding is-layout-constrained wp-container-core-group-is-layout-d89aad35 wp-block-group-is-layout-constrained\" style=\"margin-top:0;margin-bottom:0;padding-top:var(--wp--preset--spacing--50);padding-right:var(--wp--preset--spacing--50);padding-bottom:var(--wp--preset--spacing--50);padding-left:var(--wp--preset--spacing--50)\">\n<div class=\"wp-block-group alignwide has-global-padding is-layout-constrained wp-container-core-group-is-layout-19e250f3 wp-block-group-is-layout-constrained\">\n<div class=\"wp-block-group is-vertical is-content-justification-center is-layout-flex wp-container-core-group-is-layout-6329a8f3 wp-block-group-is-layout-flex\">\n<h2 class=\"wp-block-heading has-text-align-center is-style-asterisk\">Een array van gegevensbronnen<\/h2>\n\n\n\n<p class=\"has-text-align-center\">Ons uitgebreide pakket van professionele diensten richt zich op een gevarieerde klantenkring, vari\u00ebrend van huiseigenaren tot commerci\u00eble ontwikkelaars.<\/p>\n<\/div>\n\n\n\n<div style=\"height:var(--wp--preset--spacing--40)\" aria-hidden=\"true\" class=\"wp-block-spacer\"><\/div>\n\n\n\n<div class=\"wp-block-columns alignwide is-layout-flex wp-container-core-columns-is-layout-d1c656ed wp-block-columns-is-layout-flex\">\n<div class=\"wp-block-column is-vertically-aligned-center is-layout-flow wp-block-column-is-layout-flow\" style=\"flex-basis:40%\">\n<h3 class=\"wp-block-heading is-style-asterisk\">\u00c9tudes architect app<\/h3>\n\n\n\n<ul style=\"line-height:1.75\" class=\"wp-block-list is-style-checkmark-list\">\n<li>Samenwerken met collega architecten.<\/li>\n\n\n\n<li>Stel uw projecten tentoon.<\/li>\n\n\n\n<li>Ervaar de architectuur wereld.<\/li>\n<\/ul>\n<\/div>\n\n\n\n<div class=\"wp-block-column is-layout-flow wp-block-column-is-layout-flow\" style=\"flex-basis:50%\">\n<figure class=\"wp-block-image size-large is-style-rounded is-style-rounded--2\"><img decoding=\"async\" src=\"https:\/\/www.fotobite.nl\/wp-content\/themes\/twentytwentyfour\/assets\/images\/tourist-and-building.webp\" alt=\"Toerist maakt foto van een gebouw\"\/><\/figure>\n<\/div>\n<\/div>\n\n\n\n<div style=\"height:var(--wp--preset--spacing--40)\" aria-hidden=\"true\" class=\"wp-block-spacer\"><\/div>\n\n\n\n<div class=\"wp-block-columns alignwide is-layout-flex wp-container-core-columns-is-layout-d1c656ed wp-block-columns-is-layout-flex\">\n<div class=\"wp-block-column is-layout-flow wp-block-column-is-layout-flow\" style=\"flex-basis:50%\">\n<figure class=\"wp-block-image size-large is-style-rounded is-style-rounded--3\"><img decoding=\"async\" src=\"https:\/\/www.fotobite.nl\/wp-content\/themes\/twentytwentyfour\/assets\/images\/windows.webp\" alt=\"Ramen van een gebouw in Neurenberg, Duitsland\"\/><\/figure>\n<\/div>\n\n\n\n<div class=\"wp-block-column is-vertically-aligned-center is-layout-flow wp-block-column-is-layout-flow\" style=\"flex-basis:40%\">\n<h3 class=\"wp-block-heading is-style-asterisk\">\u00c9tudes nieuwsbrief<\/h3>\n\n\n\n<ul style=\"line-height:1.75\" class=\"wp-block-list is-style-checkmark-list\">\n<li>Een wereld aan tot nadenken stemmende artikelen.<\/li>\n\n\n\n<li>Case studies die architectuur vieren.<\/li>\n\n\n\n<li>Exclusieve toegang tot ontwerpinzichten.<\/li>\n<\/ul>\n<\/div>\n<\/div>\n<\/div>\n<\/div>\n\n\n\n<div class=\"wp-block-group alignfull has-base-color has-contrast-background-color has-text-color has-background has-global-padding is-layout-constrained wp-container-core-group-is-layout-ef3d885c wp-block-group-is-layout-constrained\" style=\"margin-top:0;margin-bottom:0;padding-top:var(--wp--preset--spacing--60);padding-right:var(--wp--preset--spacing--60);padding-bottom:var(--wp--preset--spacing--60);padding-left:var(--wp--preset--spacing--60)\">\n<div class=\"wp-block-group has-global-padding is-layout-constrained wp-block-group-is-layout-constrained\">\n<p class=\"has-text-align-center has-base-color has-text-color has-heading-font-family has-x-large-font-size\" style=\"line-height:1.2\">\n\t\t\t<em>&#8220;\u00c9tudes heeft ons duizenden uren werk bespaard en inzichten opgeleverd die we nooit voor mogelijk hadden gehouden.&#8221;<\/em>\n\t\t<\/p>\n\n\n\n<div style=\"height:var(--wp--preset--spacing--10)\" aria-hidden=\"true\" class=\"wp-block-spacer\"><\/div>\n\n\n\n<div class=\"wp-block-group is-vertical is-content-justification-center is-nowrap is-layout-flex wp-container-core-group-is-layout-2dc08cea wp-block-group-is-layout-flex\">\n\n\n<p class=\"has-text-align-center\" style=\"margin-top:var(--wp--preset--spacing--10);margin-bottom:0\">Annie Steiner<\/p>\n\n\n\n<p class=\"has-text-align-center has-contrast-3-color has-text-color has-small-font-size\" style=\"font-style:normal;font-weight:300\">CEO, Greenprint<\/p>\n<\/div>\n<\/div>\n<\/div>\n\n\n\n<div class=\"wp-block-group alignfull has-global-padding is-layout-constrained wp-container-core-group-is-layout-d89aad35 wp-block-group-is-layout-constrained\" style=\"margin-top:0;margin-bottom:0;padding-top:var(--wp--preset--spacing--50);padding-right:var(--wp--preset--spacing--50);padding-bottom:var(--wp--preset--spacing--50);padding-left:var(--wp--preset--spacing--50)\">\n<h2 class=\"wp-block-heading alignwide has-x-large-font-size\" style=\"margin-top:0;margin-bottom:var(--wp--preset--spacing--40);line-height:1\">Bekijk, lees, beluister<\/h2>\n\n\n\n<div class=\"wp-block-group alignwide has-global-padding is-layout-constrained wp-block-group-is-layout-constrained\">\n<div class=\"wp-block-query alignwide is-layout-flow wp-block-query-is-layout-flow\">\n\n\n<div style=\"height:var(--wp--preset--spacing--30)\" aria-hidden=\"true\" class=\"wp-block-spacer\"><\/div>\n\n\n\n\n<div class=\"wp-block-query-no-results\">\n\n<p>Er zijn geen berichten gevonden.<\/p>\n\n<\/div><\/div>\n<\/div>\n<\/div>\n\n\n\n<div class=\"wp-block-group alignfull has-global-padding is-layout-constrained wp-container-core-group-is-layout-d89aad35 wp-block-group-is-layout-constrained\" style=\"margin-top:0;margin-bottom:0;padding-top:var(--wp--preset--spacing--50);padding-right:var(--wp--preset--spacing--50);padding-bottom:var(--wp--preset--spacing--50);padding-left:var(--wp--preset--spacing--50)\">\n<div class=\"wp-block-group alignwide has-base-2-background-color has-background has-global-padding is-layout-constrained wp-container-core-group-is-layout-39412042 wp-block-group-is-layout-constrained\" style=\"border-radius:16px;padding-top:var(--wp--preset--spacing--40);padding-right:var(--wp--preset--spacing--50);padding-bottom:var(--wp--preset--spacing--40);padding-left:var(--wp--preset--spacing--50)\">\n<div style=\"height:var(--wp--preset--spacing--10)\" aria-hidden=\"true\" class=\"wp-block-spacer\"><\/div>\n\n\n\n<h2 class=\"wp-block-heading has-text-align-center has-x-large-font-size\">Word lid van 900+ abonnees<\/h2>\n\n\n\n<p class=\"has-text-align-center\">Blijf op de hoogte van alles wat u moet weten.<\/p>\n\n\n\n<div class=\"wp-block-buttons is-content-justification-center is-layout-flex wp-container-core-buttons-is-layout-a89b3969 wp-block-buttons-is-layout-flex\">\n<div class=\"wp-block-button\"><a class=\"wp-block-button__link wp-element-button\">Registreren<\/a><\/div>\n<\/div>\n\n\n\n<div style=\"height:var(--wp--preset--spacing--10)\" aria-hidden=\"true\" class=\"wp-block-spacer\"><\/div>\n<\/div>\n<\/div>\n","protected":false},"excerpt":{"rendered":"<p>Toewijding aan innovatie en duurzaamheid \u00c9tudes is een baanbrekend bureau dat creativiteit en functionaliteit naadloos laat samensmelten om architectonische uitmuntendheid te herdefini\u00ebren. Een passie voor het cre\u00ebren van ruimtes Ons uitgebreide pakket van professionele diensten richt zich op een gevarieerde klantenkring, vari\u00ebrend van huiseigenaren tot commerci\u00eble ontwikkelaars. Renovatie en restauratie Ervaar de fusie van verbeelding [&hellip;]<\/p>\n","protected":false},"author":1,"featured_media":0,"parent":0,"menu_order":0,"comment_status":"closed","ping_status":"closed","template":"","meta":{"footnotes":""},"class_list":["post-123","page","type-page","status-publish","hentry"],"yoast_head":"<!-- This site is optimized with the Yoast SEO plugin v26.6 - https:\/\/yoast.com\/wordpress\/plugins\/seo\/ -->\n<title>Aa en Hunze - Fotobite<\/title>\n<meta name=\"robots\" content=\"index, follow, max-snippet:-1, max-image-preview:large, max-video-preview:-1\" \/>\n<link rel=\"canonical\" href=\"https:\/\/www.fotobite.nl\/?page_id=123\" \/>\n<meta property=\"og:locale\" content=\"nl_NL\" \/>\n<meta property=\"og:type\" content=\"article\" \/>\n<meta property=\"og:title\" content=\"Aa en Hunze - Fotobite\" \/>\n<meta property=\"og:description\" content=\"Toewijding aan innovatie en duurzaamheid \u00c9tudes is een baanbrekend bureau dat creativiteit en functionaliteit naadloos laat samensmelten om architectonische uitmuntendheid te herdefini\u00ebren. Een passie voor het cre\u00ebren van ruimtes Ons uitgebreide pakket van professionele diensten richt zich op een gevarieerde klantenkring, vari\u00ebrend van huiseigenaren tot commerci\u00eble ontwikkelaars. Renovatie en restauratie Ervaar de fusie van verbeelding [&hellip;]\" \/>\n<meta property=\"og:url\" content=\"https:\/\/www.fotobite.nl\/?page_id=123\" \/>\n<meta property=\"og:site_name\" content=\"Fotobite\" \/>\n<meta property=\"article:modified_time\" content=\"2025-12-08T13:05:46+00:00\" \/>\n<meta property=\"og:image\" content=\"https:\/\/www.fotobite.nl\/wp-content\/uploads\/2025\/02\/anloosdiepje-2-scaled.jpg\" \/>\n\t<meta property=\"og:image:width\" content=\"2560\" \/>\n\t<meta property=\"og:image:height\" content=\"1280\" \/>\n\t<meta property=\"og:image:type\" content=\"image\/jpeg\" \/>\n<meta name=\"twitter:card\" content=\"summary_large_image\" \/>\n<meta name=\"twitter:label1\" content=\"Verwachte leestijd\" \/>\n\t<meta name=\"twitter:data1\" content=\"2 minuten\" \/>\n<script type=\"application\/ld+json\" class=\"yoast-schema-graph\">{\"@context\":\"https:\/\/schema.org\",\"@graph\":[{\"@type\":\"WebPage\",\"@id\":\"https:\/\/www.fotobite.nl\/?page_id=123\",\"url\":\"https:\/\/www.fotobite.nl\/?page_id=123\",\"name\":\"Aa en Hunze - Fotobite\",\"isPartOf\":{\"@id\":\"https:\/\/www.fotobite.nl\/#website\"},\"primaryImageOfPage\":{\"@id\":\"https:\/\/www.fotobite.nl\/?page_id=123#primaryimage\"},\"image\":{\"@id\":\"https:\/\/www.fotobite.nl\/?page_id=123#primaryimage\"},\"thumbnailUrl\":\"https:\/\/www.fotobite.nl\/wp-content\/uploads\/2025\/02\/anloosdiepje-2-scaled.jpg\",\"datePublished\":\"2025-12-08T09:54:15+00:00\",\"dateModified\":\"2025-12-08T13:05:46+00:00\",\"breadcrumb\":{\"@id\":\"https:\/\/www.fotobite.nl\/?page_id=123#breadcrumb\"},\"inLanguage\":\"nl-NL\",\"potentialAction\":[{\"@type\":\"ReadAction\",\"target\":[\"https:\/\/www.fotobite.nl\/?page_id=123\"]}]},{\"@type\":\"ImageObject\",\"inLanguage\":\"nl-NL\",\"@id\":\"https:\/\/www.fotobite.nl\/?page_id=123#primaryimage\",\"url\":\"https:\/\/www.fotobite.nl\/wp-content\/uploads\/2025\/02\/anloosdiepje-2-scaled.jpg\",\"contentUrl\":\"https:\/\/www.fotobite.nl\/wp-content\/uploads\/2025\/02\/anloosdiepje-2-scaled.jpg\",\"width\":2560,\"height\":1280},{\"@type\":\"BreadcrumbList\",\"@id\":\"https:\/\/www.fotobite.nl\/?page_id=123#breadcrumb\",\"itemListElement\":[{\"@type\":\"ListItem\",\"position\":1,\"name\":\"Home\",\"item\":\"https:\/\/www.fotobite.nl\/\"},{\"@type\":\"ListItem\",\"position\":2,\"name\":\"Aa en Hunze\"}]},{\"@type\":\"WebSite\",\"@id\":\"https:\/\/www.fotobite.nl\/#website\",\"url\":\"https:\/\/www.fotobite.nl\/\",\"name\":\"Fotobite\",\"description\":\"Een reis begint met het maken van de eerste stap\",\"publisher\":{\"@id\":\"https:\/\/www.fotobite.nl\/#organization\"},\"potentialAction\":[{\"@type\":\"SearchAction\",\"target\":{\"@type\":\"EntryPoint\",\"urlTemplate\":\"https:\/\/www.fotobite.nl\/?s={search_term_string}\"},\"query-input\":{\"@type\":\"PropertyValueSpecification\",\"valueRequired\":true,\"valueName\":\"search_term_string\"}}],\"inLanguage\":\"nl-NL\"},{\"@type\":\"Organization\",\"@id\":\"https:\/\/www.fotobite.nl\/#organization\",\"name\":\"Fotobite\",\"url\":\"https:\/\/www.fotobite.nl\/\",\"logo\":{\"@type\":\"ImageObject\",\"inLanguage\":\"nl-NL\",\"@id\":\"https:\/\/www.fotobite.nl\/#\/schema\/logo\/image\/\",\"url\":\"https:\/\/www.fotobite.nl\/wp-content\/uploads\/2025\/02\/logo-kopie-2.png\",\"contentUrl\":\"https:\/\/www.fotobite.nl\/wp-content\/uploads\/2025\/02\/logo-kopie-2.png\",\"width\":600,\"height\":594,\"caption\":\"Fotobite\"},\"image\":{\"@id\":\"https:\/\/www.fotobite.nl\/#\/schema\/logo\/image\/\"}}]}<\/script>\n<!-- \/ Yoast SEO plugin. -->","yoast_head_json":{"title":"Aa en Hunze - Fotobite","robots":{"index":"index","follow":"follow","max-snippet":"max-snippet:-1","max-image-preview":"max-image-preview:large","max-video-preview":"max-video-preview:-1"},"canonical":"https:\/\/www.fotobite.nl\/?page_id=123","og_locale":"nl_NL","og_type":"article","og_title":"Aa en Hunze - Fotobite","og_description":"Toewijding aan innovatie en duurzaamheid \u00c9tudes is een baanbrekend bureau dat creativiteit en functionaliteit naadloos laat samensmelten om architectonische uitmuntendheid te herdefini\u00ebren. Een passie voor het cre\u00ebren van ruimtes Ons uitgebreide pakket van professionele diensten richt zich op een gevarieerde klantenkring, vari\u00ebrend van huiseigenaren tot commerci\u00eble ontwikkelaars. Renovatie en restauratie Ervaar de fusie van verbeelding [&hellip;]","og_url":"https:\/\/www.fotobite.nl\/?page_id=123","og_site_name":"Fotobite","article_modified_time":"2025-12-08T13:05:46+00:00","og_image":[{"width":2560,"height":1280,"url":"https:\/\/www.fotobite.nl\/wp-content\/uploads\/2025\/02\/anloosdiepje-2-scaled.jpg","type":"image\/jpeg"}],"twitter_card":"summary_large_image","twitter_misc":{"Verwachte leestijd":"2 minuten"},"schema":{"@context":"https:\/\/schema.org","@graph":[{"@type":"WebPage","@id":"https:\/\/www.fotobite.nl\/?page_id=123","url":"https:\/\/www.fotobite.nl\/?page_id=123","name":"Aa en Hunze - Fotobite","isPartOf":{"@id":"https:\/\/www.fotobite.nl\/#website"},"primaryImageOfPage":{"@id":"https:\/\/www.fotobite.nl\/?page_id=123#primaryimage"},"image":{"@id":"https:\/\/www.fotobite.nl\/?page_id=123#primaryimage"},"thumbnailUrl":"https:\/\/www.fotobite.nl\/wp-content\/uploads\/2025\/02\/anloosdiepje-2-scaled.jpg","datePublished":"2025-12-08T09:54:15+00:00","dateModified":"2025-12-08T13:05:46+00:00","breadcrumb":{"@id":"https:\/\/www.fotobite.nl\/?page_id=123#breadcrumb"},"inLanguage":"nl-NL","potentialAction":[{"@type":"ReadAction","target":["https:\/\/www.fotobite.nl\/?page_id=123"]}]},{"@type":"ImageObject","inLanguage":"nl-NL","@id":"https:\/\/www.fotobite.nl\/?page_id=123#primaryimage","url":"https:\/\/www.fotobite.nl\/wp-content\/uploads\/2025\/02\/anloosdiepje-2-scaled.jpg","contentUrl":"https:\/\/www.fotobite.nl\/wp-content\/uploads\/2025\/02\/anloosdiepje-2-scaled.jpg","width":2560,"height":1280},{"@type":"BreadcrumbList","@id":"https:\/\/www.fotobite.nl\/?page_id=123#breadcrumb","itemListElement":[{"@type":"ListItem","position":1,"name":"Home","item":"https:\/\/www.fotobite.nl\/"},{"@type":"ListItem","position":2,"name":"Aa en Hunze"}]},{"@type":"WebSite","@id":"https:\/\/www.fotobite.nl\/#website","url":"https:\/\/www.fotobite.nl\/","name":"Fotobite","description":"Een reis begint met het maken van de eerste stap","publisher":{"@id":"https:\/\/www.fotobite.nl\/#organization"},"potentialAction":[{"@type":"SearchAction","target":{"@type":"EntryPoint","urlTemplate":"https:\/\/www.fotobite.nl\/?s={search_term_string}"},"query-input":{"@type":"PropertyValueSpecification","valueRequired":true,"valueName":"search_term_string"}}],"inLanguage":"nl-NL"},{"@type":"Organization","@id":"https:\/\/www.fotobite.nl\/#organization","name":"Fotobite","url":"https:\/\/www.fotobite.nl\/","logo":{"@type":"ImageObject","inLanguage":"nl-NL","@id":"https:\/\/www.fotobite.nl\/#\/schema\/logo\/image\/","url":"https:\/\/www.fotobite.nl\/wp-content\/uploads\/2025\/02\/logo-kopie-2.png","contentUrl":"https:\/\/www.fotobite.nl\/wp-content\/uploads\/2025\/02\/logo-kopie-2.png","width":600,"height":594,"caption":"Fotobite"},"image":{"@id":"https:\/\/www.fotobite.nl\/#\/schema\/logo\/image\/"}}]}},"_links":{"self":[{"href":"https:\/\/www.fotobite.nl\/index.php?rest_route=\/wp\/v2\/pages\/123","targetHints":{"allow":["GET"]}}],"collection":[{"href":"https:\/\/www.fotobite.nl\/index.php?rest_route=\/wp\/v2\/pages"}],"about":[{"href":"https:\/\/www.fotobite.nl\/index.php?rest_route=\/wp\/v2\/types\/page"}],"author":[{"embeddable":true,"href":"https:\/\/www.fotobite.nl\/index.php?rest_route=\/wp\/v2\/users\/1"}],"replies":[{"embeddable":true,"href":"https:\/\/www.fotobite.nl\/index.php?rest_route=%2Fwp%2Fv2%2Fcomments&post=123"}],"version-history":[{"count":3,"href":"https:\/\/www.fotobite.nl\/index.php?rest_route=\/wp\/v2\/pages\/123\/revisions"}],"predecessor-version":[{"id":137,"href":"https:\/\/www.fotobite.nl\/index.php?rest_route=\/wp\/v2\/pages\/123\/revisions\/137"}],"wp:attachment":[{"href":"https:\/\/www.fotobite.nl\/index.php?rest_route=%2Fwp%2Fv2%2Fmedia&parent=123"}],"curies":[{"name":"wp","href":"https:\/\/api.w.org\/{rel}","templated":true}]}}